{"id":297,"date":"2026-01-08T12:58:57","date_gmt":"2026-01-08T12:58:57","guid":{"rendered":"https:\/\/chandeleur.tlteixei.upv.edu.es\/?page_id=297"},"modified":"2026-01-08T16:06:49","modified_gmt":"2026-01-08T16:06:49","slug":"exposiciones","status":"publish","type":"page","link":"https:\/\/chandeleur.tlteixei.upv.edu.es\/index.php\/exposiciones\/","title":{"rendered":"EXPOSICI\u00d3NES"},"content":{"rendered":"\n<div class=\"wp-block-columns is-layout-flex wp-container-core-columns-is-layout-28f84493 wp-block-columns-is-layout-flex\">\n<div class=\"wp-block-column is-layout-flow wp-block-column-is-layout-flow\">\n<pre class=\"wp-block-verse\"><strong><em>Exposici\u00f3n de los artistas pl\u00e1sticos Mathieu Mercier y Ana\u00efs Florin<\/em><\/strong><\/pre>\n\n\n\n<p><strong>\ud83d\udccd<\/strong>Sala de exposiciones La Charca.<\/p>\n\n\n\n<p><strong><strong>\u231a<\/strong><\/strong>Inauguraci\u00f3n: 28 de enero a las 20:00h.<\/p>\n<\/div>\n\n\n\n<div class=\"wp-block-column is-layout-flow wp-block-column-is-layout-flow\">\n<pre class=\"wp-block-verse\"><strong>Exposici\u00f3n fotogr\u00e1fica<\/strong> <strong><em>\"De Val\u00e8ncia a Francia, B\u00e9lgica y Suiza : un viaje de idayvuelta\"<\/em><\/strong>.<\/pre>\n\n\n\n<p> \ud83d\udccdPizzer\u00eda Trellat.<\/p>\n\n\n\n<p><strong>\u231a<\/strong> Inauguraci\u00f3n: 26 de enero 2026 a las 20:00h.<\/p>\n<\/div>\n\n\n\n<div class=\"wp-block-column is-layout-flow wp-block-column-is-layout-flow\">\n<pre class=\"wp-block-verse\"><strong>Audiovisuales: <em>\"Testimonios del \u00c9xodo y la Esperanza\"<\/em>.<\/strong><\/pre>\n\n\n\n<p>\ud83d\udccd  Lab Espai Cultural.<\/p>\n\n\n\n<p><strong>\u231a<\/strong> De viernes 30 de enero a domingo 1 de febrero de 20h a 21h.<\/p>\n<\/div>\n<\/div>\n\n\n\n<h3 class=\"wp-block-heading has-text-align-center\"><strong>Mathieu Mercier<\/strong><\/h3>\n\n\n\n<p>Mathieu Mercier es un artista pl\u00e1stico y contempor\u00e1neo franc\u00e9s, nacido en 1970 en Conflans\u2011Sainte\u2011Honorine. Se gradu\u00f3 en la Escuela Nacional Superior de Bellas Artes de Bourges y en el Instituto de Altos Estudios en Artes Pl\u00e1sticas de Par\u00eds.\u00a0<\/p>\n\n\n\n<figure class=\"wp-block-image aligncenter size-large\"><img loading=\"lazy\" decoding=\"async\" width=\"1024\" height=\"773\" src=\"https:\/\/chandeleur.tlteixei.upv.edu.es\/wp-content\/uploads\/2026\/01\/image-1024x773.png\" alt=\"\" class=\"wp-image-369\" srcset=\"https:\/\/chandeleur.tlteixei.upv.edu.es\/wp-content\/uploads\/2026\/01\/image-1024x773.png 1024w, https:\/\/chandeleur.tlteixei.upv.edu.es\/wp-content\/uploads\/2026\/01\/image-300x226.png 300w, https:\/\/chandeleur.tlteixei.upv.edu.es\/wp-content\/uploads\/2026\/01\/image-768x579.png 768w, https:\/\/chandeleur.tlteixei.upv.edu.es\/wp-content\/uploads\/2026\/01\/image.png 1250w\" sizes=\"auto, (max-width: 1024px) 100vw, 1024px\" \/><\/figure>\n\n\n\n<p>Muy reconocido desde el inicio de su carrera, recibi\u00f3 el Premio Marcel Duchamp en 2003, seguido de una importante exposici\u00f3n individual en el Centre Pompidou de Par\u00eds. Su trabajo explora de manera conceptual la relaci\u00f3n entre los objetos cotidianos y el \u00e1mbito art\u00edstico, cuestionando tanto sus funciones simb\u00f3licas como sus usos pr\u00e1cticos, en una l\u00ednea inspirada por vanguardias hist\u00f3ricas como el ready-made y la abstracci\u00f3n geom\u00e9trica. Mercier ha expuesto en numerosos museos y galer\u00edas en Europa y m\u00e1s all\u00e1, incluyendo el Museo de Arte Moderno de la Ciudad de Par\u00eds\/ARC, el Kunstmuseum de St. Gallen (Suiza) y la Villa Merkel (Alemania). Vive y trabaja entre Par\u00eds y Valencia (Espa\u00f1a), donde est\u00e1 representado por la galer\u00eda Albarr\u00e1n Bourdais en Madrid, y contin\u00faa desarrollando una obra polifac\u00e9tica que combina escultura, instalaci\u00f3n, pintura y reflexi\u00f3n cr\u00edtica sobre el objeto moderno.\u00a0<\/p>\n\n\n\n<figure class=\"wp-block-image aligncenter size-full is-resized\"><img loading=\"lazy\" decoding=\"async\" width=\"240\" height=\"320\" src=\"https:\/\/chandeleur.tlteixei.upv.edu.es\/wp-content\/uploads\/2026\/01\/image-1.png\" alt=\"\" class=\"wp-image-370\" style=\"aspect-ratio:0.7500079181579198;width:274px;height:auto\" srcset=\"https:\/\/chandeleur.tlteixei.upv.edu.es\/wp-content\/uploads\/2026\/01\/image-1.png 240w, https:\/\/chandeleur.tlteixei.upv.edu.es\/wp-content\/uploads\/2026\/01\/image-1-225x300.png 225w\" sizes=\"auto, (max-width: 240px) 100vw, 240px\" \/><\/figure>\n\n\n\n<hr class=\"wp-block-separator has-alpha-channel-opacity is-style-wide\"\/>\n\n\n\n<h3 class=\"wp-block-heading has-text-align-center\"><strong>Ana\u00efs Florin<\/strong><\/h3>\n\n\n\n<p>Ana\u00efs Florin es una artista visual francesa que vive y trabaja en Val\u00e8ncia, Espa\u00f1a. Su trabajo se centra principalmente en pr\u00e1cticas art\u00edsticas contextuales y comprometidas, con un marcado inter\u00e9s en los relatos, memorias y luchas sociales relacionadas con las transformaciones territoriales y los espacios p\u00fablicos. Lleva a cabo proyectos que a menudo implican archivo, territorio y din\u00e1micas sociales, en conexi\u00f3n con comunidades y espacios espec\u00edficos. Florin ha participado en diversas exposiciones, residencias e intervenciones en el espacio p\u00fablico, como parte del programa <em>Cultura Resident<\/em> del Consorci de Museus de la Comunitat Valenciana, el festival Bien Urbain en Besan\u00e7on y la Bienal Miquel Navarro en Valencia. Su pr\u00e1ctica integra textos, instalaciones y acciones performativas que buscan visibilizar vidas, historias y saberes a menudo marginados, en di\u00e1logo con los habitantes y los movimientos sociales locales.<\/p>\n\n\n\n<div class=\"wp-block-columns is-layout-flex wp-container-core-columns-is-layout-28f84493 wp-block-columns-is-layout-flex\">\n<div class=\"wp-block-column is-layout-flow wp-block-column-is-layout-flow\">\n<figure class=\"wp-block-image size-large\"><img loading=\"lazy\" decoding=\"async\" width=\"682\" height=\"1024\" src=\"https:\/\/chandeleur.tlteixei.upv.edu.es\/wp-content\/uploads\/2026\/01\/image-3-682x1024.png\" alt=\"\" class=\"wp-image-372\" srcset=\"https:\/\/chandeleur.tlteixei.upv.edu.es\/wp-content\/uploads\/2026\/01\/image-3-682x1024.png 682w, https:\/\/chandeleur.tlteixei.upv.edu.es\/wp-content\/uploads\/2026\/01\/image-3-200x300.png 200w, https:\/\/chandeleur.tlteixei.upv.edu.es\/wp-content\/uploads\/2026\/01\/image-3-768x1153.png 768w, https:\/\/chandeleur.tlteixei.upv.edu.es\/wp-content\/uploads\/2026\/01\/image-3-1023x1536.png 1023w, https:\/\/chandeleur.tlteixei.upv.edu.es\/wp-content\/uploads\/2026\/01\/image-3.png 1066w\" sizes=\"auto, (max-width: 682px) 100vw, 682px\" \/><\/figure>\n<\/div>\n\n\n\n<div class=\"wp-block-column is-layout-flow wp-block-column-is-layout-flow\">\n<figure class=\"wp-block-image size-large\"><img loading=\"lazy\" decoding=\"async\" width=\"683\" height=\"1024\" src=\"https:\/\/chandeleur.tlteixei.upv.edu.es\/wp-content\/uploads\/2026\/01\/image-4-683x1024.png\" alt=\"\" class=\"wp-image-373\" srcset=\"https:\/\/chandeleur.tlteixei.upv.edu.es\/wp-content\/uploads\/2026\/01\/image-4-683x1024.png 683w, https:\/\/chandeleur.tlteixei.upv.edu.es\/wp-content\/uploads\/2026\/01\/image-4-200x300.png 200w, https:\/\/chandeleur.tlteixei.upv.edu.es\/wp-content\/uploads\/2026\/01\/image-4-768x1152.png 768w, https:\/\/chandeleur.tlteixei.upv.edu.es\/wp-content\/uploads\/2026\/01\/image-4-1024x1536.png 1024w, https:\/\/chandeleur.tlteixei.upv.edu.es\/wp-content\/uploads\/2026\/01\/image-4.png 1067w\" sizes=\"auto, (max-width: 683px) 100vw, 683px\" \/><\/figure>\n<\/div>\n<\/div>\n\n\n\n<hr class=\"wp-block-separator has-alpha-channel-opacity is-style-wide\"\/>\n\n\n\n<h3 class=\"wp-block-heading has-text-align-center\"><strong>Exposici\u00f3n fotogr\u00e1fica<\/strong> <strong><em>\u00ab\u00a0De Val\u00e8ncia a Francia, B\u00e9lgica y Suiza: un viaje de ida y vuelta\u00a0\u00bb<\/em><\/strong>.<\/h3>\n\n\n\n<p>\ud83d\udccdPizzer\u00eda Trellat.<\/p>\n\n\n\n<p><strong>\u231a<\/strong> Inauguraci\u00f3n: 26 de enero 2026 a las 20:00h.<\/p>\n\n\n\n<p>Aprovechar el ambiente cotidiano y cercano de la pizzer\u00eda para que la historia \u00ab\u00a0salte\u00a0\u00bb a la vista de los vecinos mientras comparten una cena. Se tomar\u00e1 como referente fotograf\u00edas de migrantes en los a\u00f1os 60 y aquellos que migraron durante la crisis econ\u00f3mica de principios siglo XXI. La idea es sacar el arte de los museos y llevarlo a los espacios de encuentro del barrio para democratizar la memoria.<\/p>\n\n\n\n<p>Una selecci\u00f3n de fotograf\u00edas que contrasten las dos oleadas migratorias. Im\u00e1genes en blanco y negro de los a\u00f1os 60, junto a fotograf\u00edas digitales de la \u00ab\u00a0fuga de cerebros\u00a0\u00bb y la juventud valenciana actual en ciudades europeas franc\u00f3fonas.<\/p>\n\n\n\n<hr class=\"wp-block-separator has-alpha-channel-opacity is-style-wide\"\/>\n\n\n\n<h3 class=\"wp-block-heading has-text-align-center\">Audiovisuales: <strong><em>\u00ab\u00a0Testimonios del \u00c9xodo<\/em><\/strong><strong><em> y<\/em><\/strong><strong><em> la Esperanza\u00a0\u00bb<\/em><\/strong>.<\/h3>\n\n\n\n<p>\ud83d\udccd Lab Espai Cultural.<\/p>\n\n\n\n<p><strong>\u231a<\/strong> De viernes 30 de enero a domingo 1 de febrero de 20h a 21h.<\/p>\n\n\n\n<p><img loading=\"lazy\" decoding=\"async\" src=\"blob:https:\/\/chandeleur.tlteixei.upv.edu.es\/7dff6099-6be5-4cc8-820c-2a677d94cd9e\" width=\"7\" height=\"7\"> Programaci\u00f3n:<\/p>\n\n\n\n<p><img loading=\"lazy\" decoding=\"async\" width=\"7\" height=\"7\" src=\"blob:https:\/\/chandeleur.tlteixei.upv.edu.es\/594136a7-8702-481e-a501-05249f69d413\"> <strong>D\u00eda 1:<\/strong> La Memoria de los Mayores. Proyecci\u00f3n de entrevistas a valencianos que trabajaron en pa\u00edses franc\u00f3fonos en los 60. Historias de construcci\u00f3n, servicio dom\u00e9stico y vida cotidiana.<\/p>\n\n\n\n<p><img loading=\"lazy\" decoding=\"async\" width=\"7\" height=\"7\" src=\"blob:https:\/\/chandeleur.tlteixei.upv.edu.es\/2d349c0b-405c-4250-ac6c-944000f1db66\"> <strong>D\u00eda 2: <\/strong>La Nueva Di\u00e1spora y Fuga de Cerebros. Documentales cortos y videollamadas grabadas con j\u00f3venes valencianos que viven hoy (o vivieron) en pa\u00edses franc\u00f3fonos durante la crisis econ\u00f3mica de principios del siglo XXI contando su experiencia, motivos migratorios y proyecci\u00f3n actual.<\/p>\n\n\n\n<p><img loading=\"lazy\" decoding=\"async\" width=\"7\" height=\"7\" src=\"blob:https:\/\/chandeleur.tlteixei.upv.edu.es\/29d5c6d0-92ce-465d-8f7c-2474859cf0c6\"> <strong>D\u00eda 3:<\/strong> El archivo migratorio de ambas oleadas. Presentaci\u00f3n a modo de resumen de recortes de testimonios junto a pase de contenido audiovisual (fotos y grabaciones de voz). Tras las proyecciones, se abrir\u00e1 un breve coloquio entre los asistentes para fomentar el intercambio de impresiones.<\/p>\n\n\n\n<p><\/p>\n","protected":false},"excerpt":{"rendered":"<p>Exposici\u00f3n de los artistas pl\u00e1sticos Mathieu Mercier y Ana\u00efs Florin \ud83d\udccdSala de exposiciones La Charca. \u231aInauguraci\u00f3n: 28 de enero a [&hellip;]<\/p>\n","protected":false},"author":1,"featured_media":0,"parent":0,"menu_order":0,"comment_status":"closed","ping_status":"closed","template":"","meta":{"site-sidebar-layout":"default","site-content-layout":"","ast-site-content-layout":"default","site-content-style":"boxed","site-sidebar-style":"default","ast-global-header-display":"","ast-banner-title-visibility":"","ast-main-header-display":"","ast-hfb-above-header-display":"","ast-hfb-below-header-display":"","ast-hfb-mobile-header-display":"","site-post-title":"","ast-breadcrumbs-content":"","ast-featured-img":"","footer-sml-layout":"","ast-disable-related-posts":"","theme-transparent-header-meta":"","adv-header-id-meta":"","stick-header-meta":"","header-above-stick-meta":"","header-main-stick-meta":"","header-below-stick-meta":"","astra-migrate-meta-layouts":"default","ast-page-background-enabled":"default","ast-page-background-meta":{"desktop":{"background-color":"var(--ast-global-color-5)","background-image":"","background-repeat":"repeat","background-position":"center center","background-size":"auto","background-attachment":"scroll","background-type":"","background-media":"","overlay-type":"","overlay-color":"","overlay-opacity":"","overlay-gradient":""},"tablet":{"background-color":"","background-image":"","background-repeat":"repeat","background-position":"center center","background-size":"auto","background-attachment":"scroll","background-type":"","background-media":"","overlay-type":"","overlay-color":"","overlay-opacity":"","overlay-gradient":""},"mobile":{"background-color":"","background-image":"","background-repeat":"repeat","background-position":"center center","background-size":"auto","background-attachment":"scroll","background-type":"","background-media":"","overlay-type":"","overlay-color":"","overlay-opacity":"","overlay-gradient":""}},"ast-content-background-meta":{"desktop":{"background-color":"var(--ast-global-color-4)","background-image":"","background-repeat":"repeat","background-position":"center center","background-size":"auto","background-attachment":"scroll","background-type":"","background-media":"","overlay-type":"","overlay-color":"","overlay-opacity":"","overlay-gradient":""},"tablet":{"background-color":"var(--ast-global-color-4)","background-image":"","background-repeat":"repeat","background-position":"center center","background-size":"auto","background-attachment":"scroll","background-type":"","background-media":"","overlay-type":"","overlay-color":"","overlay-opacity":"","overlay-gradient":""},"mobile":{"background-color":"var(--ast-global-color-4)","background-image":"","background-repeat":"repeat","background-position":"center center","background-size":"auto","background-attachment":"scroll","background-type":"","background-media":"","overlay-type":"","overlay-color":"","overlay-opacity":"","overlay-gradient":""}},"footnotes":""},"class_list":["post-297","page","type-page","status-publish","hentry"],"_links":{"self":[{"href":"https:\/\/chandeleur.tlteixei.upv.edu.es\/index.php\/wp-json\/wp\/v2\/pages\/297","targetHints":{"allow":["GET"]}}],"collection":[{"href":"https:\/\/chandeleur.tlteixei.upv.edu.es\/index.php\/wp-json\/wp\/v2\/pages"}],"about":[{"href":"https:\/\/chandeleur.tlteixei.upv.edu.es\/index.php\/wp-json\/wp\/v2\/types\/page"}],"author":[{"embeddable":true,"href":"https:\/\/chandeleur.tlteixei.upv.edu.es\/index.php\/wp-json\/wp\/v2\/users\/1"}],"replies":[{"embeddable":true,"href":"https:\/\/chandeleur.tlteixei.upv.edu.es\/index.php\/wp-json\/wp\/v2\/comments?post=297"}],"version-history":[{"count":4,"href":"https:\/\/chandeleur.tlteixei.upv.edu.es\/index.php\/wp-json\/wp\/v2\/pages\/297\/revisions"}],"predecessor-version":[{"id":409,"href":"https:\/\/chandeleur.tlteixei.upv.edu.es\/index.php\/wp-json\/wp\/v2\/pages\/297\/revisions\/409"}],"wp:attachment":[{"href":"https:\/\/chandeleur.tlteixei.upv.edu.es\/index.php\/wp-json\/wp\/v2\/media?parent=297"}],"curies":[{"name":"wp","href":"https:\/\/api.w.org\/{rel}","templated":true}]}}