{"id":40,"date":"2025-12-11T18:32:33","date_gmt":"2025-12-11T18:32:33","guid":{"rendered":"https:\/\/chandeleur.tlteixei.upv.edu.es\/?page_id=40"},"modified":"2026-01-08T16:05:31","modified_gmt":"2026-01-08T16:05:31","slug":"espectaculos","status":"publish","type":"page","link":"https:\/\/chandeleur.tlteixei.upv.edu.es\/index.php\/espectaculos\/","title":{"rendered":"ACTIVIDADES"},"content":{"rendered":"\n<h2 class=\"wp-block-heading\"><strong><em>Torneo de<\/em><\/strong><strong><em> <\/em><\/strong><strong><em>p\u00e9tan<\/em><\/strong><strong><em>q<\/em><\/strong><strong><em>ue&nbsp;<\/em><\/strong><\/h2>\n\n\n\n<p><strong>\u231a<\/strong> El 1 de febrero de 2026 a 11:00 &#8211; 17:00<\/p>\n\n\n\n<p>\ud83d\udccd Lugar: Campo de f\u00fatbol de Benimaclet.<\/p>\n\n\n\n<p><img loading=\"lazy\" decoding=\"async\" src=\"blob:https:\/\/chandeleur.tlteixei.upv.edu.es\/da22d3eb-97d6-4986-985a-11f804279239\" width=\"7\" height=\"7\">&nbsp; 11:00 &#8211; 11:30: Recepci\u00f3n, entrega de dorsales y explicaci\u00f3n de reglas.<\/p>\n\n\n\n<p><img loading=\"lazy\" decoding=\"async\" src=\"blob:https:\/\/chandeleur.tlteixei.upv.edu.es\/e95aaa23-3971-4861-b0fd-ce90fb4c47dd\" width=\"7\" height=\"7\">&nbsp; 11:30 &#8211; 13:30: Fase de grupos (partidas cortas a 9 puntos).<\/p>\n\n\n\n<p><img loading=\"lazy\" decoding=\"async\" src=\"blob:https:\/\/chandeleur.tlteixei.upv.edu.es\/01d8850a-af03-45bf-bc66-432f531bec3a\" width=\"7\" height=\"7\">&nbsp; 13:30 &#8211; 14:30: Pausa de l&rsquo;Ap\u00e9ro.<\/p>\n\n\n\n<p><img loading=\"lazy\" decoding=\"async\" src=\"blob:https:\/\/chandeleur.tlteixei.upv.edu.es\/13d034d8-f69c-46c2-9256-5aade73c2b59\" width=\"7\" height=\"7\">&nbsp; 14:30 &#8211; 16:30: Eliminatorias y gran final (a 13 puntos).<\/p>\n\n\n\n<p><img loading=\"lazy\" decoding=\"async\" src=\"blob:https:\/\/chandeleur.tlteixei.upv.edu.es\/631b5ba7-c623-410d-b98e-a5875aac419f\" width=\"7\" height=\"7\">&nbsp; 16:30 &#8211; 17:00: Entrega de trofeos y clausura.<\/p>\n\n\n\n<p>Log\u00edstica Necesaria<\/p>\n\n\n\n<p><img loading=\"lazy\" decoding=\"async\" src=\"blob:https:\/\/chandeleur.tlteixei.upv.edu.es\/b4bba7d5-3c43-4394-abb1-f8b9c4cc0ed6\" width=\"7\" height=\"7\">&nbsp; Terreno: delimitar campos de entre 4m y 15m con tiza.<\/p>\n\n\n\n<p><img loading=\"lazy\" decoding=\"async\" src=\"blob:https:\/\/chandeleur.tlteixei.upv.edu.es\/8c098d73-c660-4af7-bbb1-ededdd850a2c\" width=\"7\" height=\"7\">&nbsp; Material: Juegos de bolas de acero, \u00ab\u00a0cochonnets\u00a0\u00bb (boliches) y cintas m\u00e9tricas.<\/p>\n\n\n\n<p><img loading=\"lazy\" decoding=\"async\" src=\"blob:https:\/\/chandeleur.tlteixei.upv.edu.es\/cfd72934-5770-47ce-815e-9528b5694982\" width=\"7\" height=\"7\">&nbsp; Premios: trofeo simb\u00f3lico.<\/p>\n\n\n\n<figure class=\"wp-block-image alignfull size-large\"><img loading=\"lazy\" decoding=\"async\" width=\"1024\" height=\"512\" src=\"https:\/\/chandeleur.tlteixei.upv.edu.es\/wp-content\/uploads\/2026\/01\/Petanque-boules-1024x512.jpg\" alt=\"\" class=\"wp-image-401\" srcset=\"https:\/\/chandeleur.tlteixei.upv.edu.es\/wp-content\/uploads\/2026\/01\/Petanque-boules-1024x512.jpg 1024w, https:\/\/chandeleur.tlteixei.upv.edu.es\/wp-content\/uploads\/2026\/01\/Petanque-boules-300x150.jpg 300w, https:\/\/chandeleur.tlteixei.upv.edu.es\/wp-content\/uploads\/2026\/01\/Petanque-boules-768x384.jpg 768w, https:\/\/chandeleur.tlteixei.upv.edu.es\/wp-content\/uploads\/2026\/01\/Petanque-boules.jpg 1200w\" sizes=\"auto, (max-width: 1024px) 100vw, 1024px\" \/><\/figure>\n\n\n\n<hr class=\"wp-block-separator has-alpha-channel-opacity\"\/>\n\n\n\n<h2 class=\"wp-block-heading\"><strong><em>J<\/em><\/strong><strong><em>uegos de mesa<\/em><\/strong><\/h2>\n\n\n\n<p><img loading=\"lazy\" decoding=\"async\" width=\"7\" height=\"7\" src=\"blob:https:\/\/chandeleur.tlteixei.upv.edu.es\/3f1709ef-f5a2-43c6-90c1-9a90618cec19\">\u00a0 <strong>\u231a<\/strong>  S\u00e1bado 31 de enero y Domingo 1 de febrero de 2026 a 16:00 h.<\/p>\n\n\n\n<p><img loading=\"lazy\" decoding=\"async\" width=\"7\" height=\"7\" src=\"blob:https:\/\/chandeleur.tlteixei.upv.edu.es\/3d14754e-4901-4cd0-91a3-d90522fbe1c9\">\u00a0 \ud83d\udccd  New Ziryab Caf\u00e9.<\/p>\n\n\n\n<p>Los juegos de mesa son una herramienta pedag\u00f3gica y de socializaci\u00f3n excepcional. Utilizaremos juegos dise\u00f1ados en pa\u00edses franc\u00f3fonos o muy populares en Francia.<\/p>\n\n\n\n<p>Para los j\u00f3venes, la familia, los estudiantes . El caf\u00e9 ofrece el ambiente \u00edntimo perfecto para la conversaci\u00f3n y el aprendizaje l\u00fadico.<\/p>\n\n\n\n<p>El domingo 1 de febrero, el inicio de los juegos a las 16:00 h es el \u00ab\u00a0after-party\u00a0\u00bb perfecto para quienes terminen el torneo de petanca o para aquellos que disfrutaron del Dj la noche anterior, permitiendo que la jornada cultural contin\u00fae en un entorno m\u00e1s relajado.<\/p>\n\n\n\n<div class=\"wp-block-columns is-layout-flex wp-container-core-columns-is-layout-28f84493 wp-block-columns-is-layout-flex\">\n<div class=\"wp-block-column is-layout-flow wp-block-column-is-layout-flow\">\n<figure class=\"wp-block-image size-large\"><img loading=\"lazy\" decoding=\"async\" width=\"898\" height=\"1024\" src=\"https:\/\/chandeleur.tlteixei.upv.edu.es\/wp-content\/uploads\/2026\/01\/sev-box-3d-1592411287XEcT9-898x1024.png\" alt=\"\" class=\"wp-image-403\" srcset=\"https:\/\/chandeleur.tlteixei.upv.edu.es\/wp-content\/uploads\/2026\/01\/sev-box-3d-1592411287XEcT9-898x1024.png 898w, https:\/\/chandeleur.tlteixei.upv.edu.es\/wp-content\/uploads\/2026\/01\/sev-box-3d-1592411287XEcT9-263x300.png 263w, https:\/\/chandeleur.tlteixei.upv.edu.es\/wp-content\/uploads\/2026\/01\/sev-box-3d-1592411287XEcT9-768x876.png 768w, https:\/\/chandeleur.tlteixei.upv.edu.es\/wp-content\/uploads\/2026\/01\/sev-box-3d-1592411287XEcT9.png 1200w\" sizes=\"auto, (max-width: 898px) 100vw, 898px\" \/><\/figure>\n<\/div>\n\n\n\n<div class=\"wp-block-column is-layout-flow wp-block-column-is-layout-flow\">\n<figure class=\"wp-block-image size-full\"><img loading=\"lazy\" decoding=\"async\" width=\"911\" height=\"1000\" src=\"https:\/\/chandeleur.tlteixei.upv.edu.es\/wp-content\/uploads\/2026\/01\/91I6f9UZPvL._AC_UF10001000_QL80_.jpg\" alt=\"\" class=\"wp-image-404\" srcset=\"https:\/\/chandeleur.tlteixei.upv.edu.es\/wp-content\/uploads\/2026\/01\/91I6f9UZPvL._AC_UF10001000_QL80_.jpg 911w, https:\/\/chandeleur.tlteixei.upv.edu.es\/wp-content\/uploads\/2026\/01\/91I6f9UZPvL._AC_UF10001000_QL80_-273x300.jpg 273w, https:\/\/chandeleur.tlteixei.upv.edu.es\/wp-content\/uploads\/2026\/01\/91I6f9UZPvL._AC_UF10001000_QL80_-768x843.jpg 768w\" sizes=\"auto, (max-width: 911px) 100vw, 911px\" \/><\/figure>\n<\/div>\n<\/div>\n\n\n\n<div class=\"wp-block-columns is-layout-flex wp-container-core-columns-is-layout-28f84493 wp-block-columns-is-layout-flex\">\n<div class=\"wp-block-column is-layout-flow wp-block-column-is-layout-flow\">\n<figure class=\"wp-block-image size-full\"><img loading=\"lazy\" decoding=\"async\" width=\"900\" height=\"900\" src=\"https:\/\/chandeleur.tlteixei.upv.edu.es\/wp-content\/uploads\/2026\/01\/loups-garous-de-thiercelieux-900x900-1.webp\" alt=\"\" class=\"wp-image-405\" srcset=\"https:\/\/chandeleur.tlteixei.upv.edu.es\/wp-content\/uploads\/2026\/01\/loups-garous-de-thiercelieux-900x900-1.webp 900w, https:\/\/chandeleur.tlteixei.upv.edu.es\/wp-content\/uploads\/2026\/01\/loups-garous-de-thiercelieux-900x900-1-300x300.webp 300w, https:\/\/chandeleur.tlteixei.upv.edu.es\/wp-content\/uploads\/2026\/01\/loups-garous-de-thiercelieux-900x900-1-150x150.webp 150w, https:\/\/chandeleur.tlteixei.upv.edu.es\/wp-content\/uploads\/2026\/01\/loups-garous-de-thiercelieux-900x900-1-768x768.webp 768w\" sizes=\"auto, (max-width: 900px) 100vw, 900px\" \/><\/figure>\n<\/div>\n\n\n\n<div class=\"wp-block-column is-layout-flow wp-block-column-is-layout-flow\">\n<figure class=\"wp-block-image size-full\"><img loading=\"lazy\" decoding=\"async\" width=\"1024\" height=\"1024\" src=\"https:\/\/chandeleur.tlteixei.upv.edu.es\/wp-content\/uploads\/2026\/01\/mysterium-park.jpg\" alt=\"\" class=\"wp-image-406\" srcset=\"https:\/\/chandeleur.tlteixei.upv.edu.es\/wp-content\/uploads\/2026\/01\/mysterium-park.jpg 1024w, https:\/\/chandeleur.tlteixei.upv.edu.es\/wp-content\/uploads\/2026\/01\/mysterium-park-300x300.jpg 300w, https:\/\/chandeleur.tlteixei.upv.edu.es\/wp-content\/uploads\/2026\/01\/mysterium-park-150x150.jpg 150w, https:\/\/chandeleur.tlteixei.upv.edu.es\/wp-content\/uploads\/2026\/01\/mysterium-park-768x768.jpg 768w\" sizes=\"auto, (max-width: 1024px) 100vw, 1024px\" \/><\/figure>\n<\/div>\n<\/div>\n\n\n\n<hr class=\"wp-block-separator has-alpha-channel-opacity\"\/>\n\n\n\n<h2 class=\"wp-block-heading\"><strong><em>El C\u00edrculo de la Memoria : \u201cMi palabra favorita en franc\u00e9s\u201d<\/em><\/strong>.<\/h2>\n\n\n\n<h6 class=\"wp-block-heading\">La idea es crear un puente de memoria entre el ayer y el de hoy, a trav\u00e9s de la experiencia migratoria en tierras franc\u00f3fonas.<\/h6>\n\n\n\n<p><strong>\u231a<\/strong> S\u00e1bado, 31 de enero de 2026 a 11h00<\/p>\n\n\n\n<p>\ud83d\udccd Plaza de Benimaclet.<\/p>\n\n\n\n<p>La migraci\u00f3n espa\u00f1ola a pa\u00edses franc\u00f3fonos en los a\u00f1os 60 y 70 es una parte fundamental de nuestra historia reciente. Esta actividad busca poner en valor su testimonio, permitiendo que las nuevas generaciones (ni\u00f1os y j\u00f3venes del barrio) comprendan la migraci\u00f3n no como un dato estad\u00edstico, sino como una vivencia humana de trabajo, esfuerzo y enriquecimiento cultural.<\/p>\n\n\n\n<h6 class=\"wp-block-heading\">Objetivos de la actividad:<\/h6>\n\n\n\n<pre class=\"wp-block-verse\"><strong><img loading=\"lazy\" decoding=\"async\" width=\"7\" height=\"7\" src=\"blob:https:\/\/chandeleur.tlteixei.upv.edu.es\/d0891227-1e59-4d13-b617-ff072814c826\"> Fomentar la empat\u00eda y el respeto intergeneracional, reconociendo a nuestros mayores como \"embajadores culturales\" vivos.<\/strong><\/pre>\n\n\n\n<pre class=\"wp-block-verse\"><strong><img loading=\"lazy\" decoding=\"async\" width=\"7\" height=\"7\" src=\"blob:https:\/\/chandeleur.tlteixei.upv.edu.es\/1f9e1374-9def-4203-96e1-2a5cad4166d2\"> Reforzar el tejido social de Benimaclet mediante el di\u00e1logo entre diferentes grupos de edad.<\/strong><\/pre>\n\n\n\n<pre class=\"wp-block-verse\"><strong><img loading=\"lazy\" decoding=\"async\" width=\"7\" height=\"7\" src=\"blob:https:\/\/chandeleur.tlteixei.upv.edu.es\/59dc6f3b-2813-44c7-8033-a1d96d8700ce\"> Vincular el aprendizaje de una lengua extranjera a emociones y recuerdos positivos en lugar de s\u00f3lo a la gram\u00e1tica.<\/strong><\/pre>\n\n\n\n<p><img loading=\"lazy\" decoding=\"async\" width=\"7\" height=\"7\" src=\"blob:https:\/\/chandeleur.tlteixei.upv.edu.es\/62845af0-ac23-4e1d-ba3e-a970794425d8\">Formato: En una disposici\u00f3n circular (para eliminar jerarqu\u00edas) se colocar\u00e1n sillas (de la asociaci\u00f3n vecinal) d\u00f3nde se sentar\u00e1n los participantes.<\/p>\n\n\n\n<p>Cada binomio persona mayor-ni\u00f1o elegir\u00e1 una palabra en franc\u00e9s, es un certamen participativo y l\u00fadico no se busca la perfecci\u00f3n ling\u00fc\u00edstica, sino la conexi\u00f3n afectiva con el idioma. Una vez escrita la palabra en una cartulina, cada ni\u00f1o la depositar\u00e1 en una maleta antigua en el centro del c\u00edrculo. Mientras tanto las personas mayores que emigraron a pa\u00edses franc\u00f3fonos (o que tienen una conexi\u00f3n profunda con esos pa\u00edses) compartir\u00e1n an\u00e9cdotas con ni\u00f1os y familias. Se hablar\u00e1 de c\u00f3mo fue su primer d\u00eda all\u00ed, qu\u00e9 palabras aprendieron primero, qu\u00e9 echaban de menos de Valencia y qu\u00e9 trajeron de vuelta en sus maletas (costumbres, canciones, recetas).<\/p>\n","protected":false},"excerpt":{"rendered":"<p>Torneo de p\u00e9tanque&nbsp; \u231a El 1 de febrero de 2026 a 11:00 &#8211; 17:00 \ud83d\udccd Lugar: Campo de f\u00fatbol de [&hellip;]<\/p>\n","protected":false},"author":1,"featured_media":0,"parent":0,"menu_order":0,"comment_status":"closed","ping_status":"closed","template":"","meta":{"site-sidebar-layout":"default","site-content-layout":"","ast-site-content-layout":"normal-width-container","site-content-style":"boxed","site-sidebar-style":"default","ast-global-header-display":"","ast-banner-title-visibility":"","ast-main-header-display":"","ast-hfb-above-header-display":"","ast-hfb-below-header-display":"","ast-hfb-mobile-header-display":"","site-post-title":"","ast-breadcrumbs-content":"","ast-featured-img":"","footer-sml-layout":"","ast-disable-related-posts":"","theme-transparent-header-meta":"","adv-header-id-meta":"","stick-header-meta":"","header-above-stick-meta":"","header-main-stick-meta":"","header-below-stick-meta":"","astra-migrate-meta-layouts":"default","ast-page-background-enabled":"default","ast-page-background-meta":{"desktop":{"background-color":"var(--ast-global-color-5)","background-image":"","background-repeat":"repeat","background-position":"center center","background-size":"auto","background-attachment":"scroll","background-type":"","background-media":"","overlay-type":"","overlay-color":"","overlay-opacity":"","overlay-gradient":""},"tablet":{"background-color":"","background-image":"","background-repeat":"repeat","background-position":"center center","background-size":"auto","background-attachment":"scroll","background-type":"","background-media":"","overlay-type":"","overlay-color":"","overlay-opacity":"","overlay-gradient":""},"mobile":{"background-color":"","background-image":"","background-repeat":"repeat","background-position":"center center","background-size":"auto","background-attachment":"scroll","background-type":"","background-media":"","overlay-type":"","overlay-color":"","overlay-opacity":"","overlay-gradient":""}},"ast-content-background-meta":{"desktop":{"background-color":"var(--ast-global-color-4)","background-image":"","background-repeat":"repeat","background-position":"center center","background-size":"auto","background-attachment":"scroll","background-type":"","background-media":"","overlay-type":"","overlay-color":"","overlay-opacity":"","overlay-gradient":""},"tablet":{"background-color":"var(--ast-global-color-4)","background-image":"","background-repeat":"repeat","background-position":"center center","background-size":"auto","background-attachment":"scroll","background-type":"","background-media":"","overlay-type":"","overlay-color":"","overlay-opacity":"","overlay-gradient":""},"mobile":{"background-color":"var(--ast-global-color-4)","background-image":"","background-repeat":"repeat","background-position":"center center","background-size":"auto","background-attachment":"scroll","background-type":"","background-media":"","overlay-type":"","overlay-color":"","overlay-opacity":"","overlay-gradient":""}},"footnotes":""},"class_list":["post-40","page","type-page","status-publish","hentry"],"_links":{"self":[{"href":"https:\/\/chandeleur.tlteixei.upv.edu.es\/index.php\/wp-json\/wp\/v2\/pages\/40","targetHints":{"allow":["GET"]}}],"collection":[{"href":"https:\/\/chandeleur.tlteixei.upv.edu.es\/index.php\/wp-json\/wp\/v2\/pages"}],"about":[{"href":"https:\/\/chandeleur.tlteixei.upv.edu.es\/index.php\/wp-json\/wp\/v2\/types\/page"}],"author":[{"embeddable":true,"href":"https:\/\/chandeleur.tlteixei.upv.edu.es\/index.php\/wp-json\/wp\/v2\/users\/1"}],"replies":[{"embeddable":true,"href":"https:\/\/chandeleur.tlteixei.upv.edu.es\/index.php\/wp-json\/wp\/v2\/comments?post=40"}],"version-history":[{"count":8,"href":"https:\/\/chandeleur.tlteixei.upv.edu.es\/index.php\/wp-json\/wp\/v2\/pages\/40\/revisions"}],"predecessor-version":[{"id":407,"href":"https:\/\/chandeleur.tlteixei.upv.edu.es\/index.php\/wp-json\/wp\/v2\/pages\/40\/revisions\/407"}],"wp:attachment":[{"href":"https:\/\/chandeleur.tlteixei.upv.edu.es\/index.php\/wp-json\/wp\/v2\/media?parent=40"}],"curies":[{"name":"wp","href":"https:\/\/api.w.org\/{rel}","templated":true}]}}